{"id":579,"date":"2020-01-08T14:26:58","date_gmt":"2020-01-08T13:26:58","guid":{"rendered":"https:\/\/www.bernardi-karl.it\/datenschutzerklaerung\/"},"modified":"2022-06-28T10:09:22","modified_gmt":"2022-06-28T08:09:22","slug":"privacy","status":"publish","type":"page","link":"https:\/\/www.bernardi-karl.it\/it\/privacy\/","title":{"rendered":"Informativa sulla privacy"},"content":{"rendered":"[vc_row type=&#8221;in_container&#8221; full_screen_row_position=&#8221;middle&#8221; column_margin=&#8221;default&#8221; column_direction=&#8221;default&#8221; column_direction_tablet=&#8221;default&#8221; column_direction_phone=&#8221;default&#8221; scene_position=&#8221;center&#8221; text_color=&#8221;dark&#8221; text_align=&#8221;left&#8221; row_border_radius=&#8221;none&#8221; row_border_radius_applies=&#8221;bg&#8221; overlay_strength=&#8221;0.3&#8243; gradient_direction=&#8221;left_to_right&#8221; shape_divider_position=&#8221;bottom&#8221; bg_image_animation=&#8221;none&#8221; shape_type=&#8221;&#8221;][vc_column column_padding=&#8221;no-extra-padding&#8221; column_padding_tablet=&#8221;inherit&#8221; column_padding_phone=&#8221;inherit&#8221; column_padding_position=&#8221;all&#8221; background_color_opacity=&#8221;1&#8243; background_hover_color_opacity=&#8221;1&#8243; column_shadow=&#8221;none&#8221; column_border_radius=&#8221;none&#8221; column_link_target=&#8221;_self&#8221; gradient_direction=&#8221;left_to_right&#8221; overlay_strength=&#8221;0.3&#8243; width=&#8221;1\/1&#8243; tablet_width_inherit=&#8221;default&#8221; tablet_text_alignment=&#8221;default&#8221; phone_text_alignment=&#8221;default&#8221; column_border_width=&#8221;none&#8221; column_border_style=&#8221;solid&#8221; bg_image_animation=&#8221;none&#8221; offset=&#8221;vc_col-lg-8 vc_col-md-10&#8243;][vc_column_text]\n<h2>INFORMATIVA AL TRATTAMENTO<br \/>DEI DATI PERSONALI<\/h2>\n<h3>Informativa ai sensi degli artt. 12, 13 e 14 del Regolamento UE 679\/2016<\/h3>\n<p><strong>Titolare del trattamento<\/strong><br \/>K.BERNARDI Srl<br \/>39031 Bruneck<br \/>Stuckstr. 6<br \/>+39 0474 555 472<br \/>info@bernardi-karl.it<\/p>\n<p>I dati personali potranno essere trattati nei limiti e con le modalit\u00e0 di cui alla presente dichiarazione da dipendenti e collaboratori della Societ\u00e0 designati quali incaricati o responsabili del trattamento, i quali riceveranno adeguate istruzioni operative ed opereranno sotto la diretta autorit\u00e0 del titolare del trattamento.\u00a0<\/p>\n<p><strong>Informazioni sulla privacy \u2013 Sito web<br \/><\/strong>La ditta K.BERNARDI Srl, di seguito denominata la Societ\u00e0, ha sviluppato la presente \u201cPrivacy Policy\u201d al fine di descrivere le modalit\u00e0 di gestione del sito in riferimento al trattamento dei dati personali degli utenti\/visitatori che lo consultano. <br \/>Si tratta di un\u2019informativa che \u00e8 resa ai sensi dell\u2019art. 13 del Regolamento Europeo 2016\/679 sulla protezione dei dati personali \u2013 a coloro che si collegano al sito web aziendale della Societ\u00e0 e usufruiscono dei relativi servizi web di questo sito. I Suoi dati personali saranno trattati in conformit\u00e0 al D.lgs. 196\/2003, al senso del Regolamento UE 679\/2016 (Regolamento generale per la protezione dei dati personali) e ai sensi del D.lgs. 101\/2018. L\u2019informativa \u00e8 resa per il sito sopra menzionato e non anche per altri siti web eventualmente consultati dall\u2019utente tramite appositi link.<\/p>\n<p>I vostri dati sono trattati per fornire i nostri servizi sulla base della vostra richiesta, dei nostri legittimi interessi e per adempiere ai nostri obblighi precontrattuali e contrattuali nei vostri confronti.<\/p>\n<p>Controlliamo con molta attenzione, dal punto di vista editoriale, i link che citiamo sul nostro sito. Tuttavia, non ci assumiamo alcuna responsabilit\u00e0 per il contenuto dei siti web esterni collegati via link dal nostro sito.<\/p>\n<p>L&#8217;utilizzo del sito web implica l&#8217;accettazione della presente informativa sulla privacy, in caso contrario vi chiediamo di non utilizzare il sito web. La presente informativa sulla privacy pu\u00f2 essere aggiornata in qualsiasi momento.<\/p>\n<p><strong>Finalit\u00e0 del trattamento dei dati personali<\/strong><br \/>Per garantire la funzi0nalit\u00e0 del sito web, per scopi statistici, vengono trattati dati tecnici con potenziale riferimento personale, come l&#8217;indirizzo IP, l&#8217;ora delle richieste, il nome del dominio e dati simili (art. 6f GDPR).<br \/>Inoltre, i dati personali vengono trattati per offrire vari servizi:<\/p>\n<p><strong>Modulo di contatto<\/strong><br \/>Il visitatore del sito web pu\u00f2 contattare l&#8217;azienda utilizzando il modulo di contatto. A tal fine, i dati personali inseriti saranno trattati per rispondere alla richiesta. \u00c8 disponibile un consenso esplicito al trattamento dei dati nel modulo di contatto.<\/p>\n<p><strong>Trasmissione di categorie particolari di dati personali<\/strong><br \/>Vi preghiamo di non trasmettere dati sensibili (dati personali di categorie speciali &#8211; art. 9 e art. 10 GDPR) tramite il sito web, ad esempio utilizzando il modulo di contatto.<\/p>\n<p><strong>Base giuridica del trattamento dei dati<\/strong><br \/>La base giuridica principale per il trattamento \u00e8 l&#8217;art. 6b) GDPR e l&#8217;art. 6f) GDPR (funzionalit\u00e0 del sito web).<\/p>\n<p><strong>Cookie<\/strong> <br \/>Questo sito web raccoglie dati personali anche attraverso l&#8217;uso di cookie.<\/p>\n<p>Esistono quattro categorie di cookie:<\/p>\n<ul>\n<li>cookie strettamente necessari &#8211; per la funzionalit\u00e0 di base del sito web.<\/li>\n<li>Cookie funzionali &#8211; per garantire le prestazioni ottimali del sito web, ad esempio il salvataggio della selezione della lingua.<\/li>\n<li>Cookie di prestazione &#8211; per migliorare l&#8217;esperienza dell&#8217;utente, ad esempio per misurare i tempi di caricamento.<\/li>\n<li>Cookie di marketing &#8211; ad esempio per indirizzare gli annunci pubblicitari all&#8217;utente &#8211; Questi cookie sono disattivati per impostazione predefinita sui nostri siti web e vengono attivati solo se l&#8217;utente ci ha dato il suo consenso.<\/li>\n<\/ul>\n<p>La maggior parte dei cookie utilizzati sono &#8220;cookie di sessione&#8221; che vengono eliminati dopo la chiusura del browser. Altri cookie vengono memorizzati, ad esempio per visualizzare la lingua corretta alla successiva visita del sito web.<br \/>Per tutti i cookie che non sono soggetti a un interesse legittimo del gestore del sito web (art. 6f) GDPR), vi verr\u00e0 chiesto esplicitamente il vostro consenso.<\/p>\n<p><strong>Fornitura dei dati<\/strong><br \/>Ad eccezione dei dati di navigazione o dei trattamenti soggetti a consenso, solo i dati forniti volontariamente saranno trattati dalla Societ\u00e0. La mancata comunicazione di queste informazioni pu\u00f2 comportare una limitazione dei servizi offerti.<\/p>\n<p><strong>Trasferimento dei dati a terzi<\/strong><br \/>I dati non saranno diffusi se non nei casi previsti dalla legge. Se necessario, i vostri dati possono essere trasmessi a terzi, ma solo nell&#8217;ambito del nostro rapporto commerciale, ad esempio per l&#8217;adempimento di servizi come l&#8217;effettuazione di pagamenti tramite terzi. In linea di principio, non saranno trasferiti in paesi extra-UE senza il vostro esplicito consenso. Ci\u00f2 vale anche per l&#8217;uso della profilazione e delle decisioni automatizzate. Se si utilizza Google Maps: Non si pu\u00f2 escludere che i dati vengano inviati paesi extra-UE; si prega di tenerne conto prima di utilizzare questa applicazione.<\/p>\n<p><strong>Hosting del sito web<\/strong><br \/>Questo sito web \u00e8 ospitato da un for\u0146itore di servizi esterno.<br \/>A tal fine, \u201cl&#8217;hoster\u201d esterno riceve i dati personali raccolti sul sito web. La base giuridica \u00e8 costituita dall&#8217;art. 6b) GDPR &#8211; misure precontrattuali e dall&#8217;art. 6f) (garanzia di longevit\u00e0 degli strumenti presenti sul nostro sito web). L&#8217;hoster tratta questi dati esclusivamente per l&#8217;adempimento dei propri obblighi di servizio.<\/p>\n<p><span style=\"text-decoration: underline;\">Con il suo consenso ottenuto<\/span>: <strong>Analisi web \u2013 Google Analytics<\/strong><br \/>Il nostro sito web utilizza le funzioni del servizio di analisi web Google Analytics. Il fornitore \u00e8 Google Inc, 1600 Amphitheatre Parkway Mountain View, CA 94043, U S A. Google Analytics.<br \/>Le informazioni ottenute attraverso i cookies sulle abitudini del Cliente nell&#8217;utilizzo dei siti internet (compreso l&#8217;indirizzo IP) vengono trasferite a un server di Google negli Stati Uniti, dove vengono memorizzati. L\u2019informativa completa: <a href=\"https:\/\/support.google.com\/analytics\/answer\/6004245?hl=it\">https:\/\/support.google.com\/analytics\/answer\/6004245?hl=it<\/a><br \/>Utilizziamo Google Analytics come strumento di analisi per monitorare le prestazioni del nostro sito web, per analizzare il comportamento dei clienti e per adottare misure appropriate.<br \/>\u00c8 inoltre possibile impedire la raccolta e l&#8217;elaborazione dei dati descritti da parte di Google scaricando e installando il plug-in del browser disponibile al seguente link: <a href=\"https:\/\/tools.google.com\/dlpage\/gaoptout?hl=it\">https:\/\/tools.google.com\/dlpage\/gaoptout?hl=it<\/a><br \/>La base giuridica \u00e8 art. 6a) GDPR.<\/p>\n<p><strong>Google-Maps<\/strong><br \/>Il nostro sito Web utilizza Google Maps per visualizzare la nostra posizione e fornire indicazioni. Questo \u00e8 un servizio fornito da Google Inc., 1600 Amphitheatre Parkway, Mountain View, CA 94043 (di seguito: Google). <br \/>Se accedi ai componenti di Google Maps integrati nel nostro sito web, Google memorizzer\u00e0 un cookie sul tuo dispositivo tramite il browser. Le impostazioni e i dati dell&#8217;utente vengono elaborati per visualizzare la nostra posizione e creare una descrizione del percorso. Non possiamo impedire a Google di utilizzare server negli Stati Uniti. La base legale \u00e8 l&#8217;art. 6 Par. 1 lit. f) GDPR. Il nostro interesse legittimo sta nell&#8217;ottimizzare la funzionalit\u00e0 del nostro sito web.<br \/>Collegandosi a Google in questo modo, Google pu\u00f2 determinare da quale sito Web \u00e8 stata inviata la richiesta e a quale indirizzo IP vengono trasmesse le indicazioni. Se non accetti questo trattamento, hai la possibilit\u00e0 di impedire l&#8217;installazione dei cookie effettuando le impostazioni appropriate nel tuo browser.<br \/>Inoltre, l&#8217;utilizzo di Google Maps e le informazioni ottenute tramite Google Maps \u00e8 regolato dai\u00a0<a href=\"http:\/\/www.google.de\/accounts\/TOS\">Termini di utilizzo di Google<\/a>,\u00a0<a href=\"http:\/\/policies.google.com\/terms\">policies.google.com\/terms<\/a>\u00a0e\u00a0<a href=\"http:\/\/www.google.com\/intl\/de_de\/help\/terms_maps.html\">Termini e condizioni per Google Maps<\/a>. Google offre inoltre ulteriori informazioni su\u00a0<a href=\"https:\/\/adssettings.google.com\/authenticated\">adssettings.google.com\/authenticated<\/a>\u00a0e<br \/>\u00a0<a href=\"https:\/\/policies.google.com\/privacy\">policies.google.com\/privacy<\/a><\/p>\n<p><strong>Crittografia SSL<\/strong><br \/>Questo sito utilizza la crittografia SSL per motivi di sicurezza e per proteggere la trasmissione di contenuti sensibili, come le richieste che ci invii come operatore del sito. \u00c8 possibile riconoscere una connessione crittografata modificando la riga dell&#8217;indirizzo del browser da &#8220;http:\/\/&#8221; a &#8220;https:\/\/&#8221; e comparir\u00e0 il simbolo del lucchetto nella riga del browser.<br \/>Se la crittografia SSL \u00e8 abilitata, i dati che ci invii non possono essere letti da terze parti.<\/p>\n<p><strong>Visitatori minorenni<\/strong> <br \/>Questo sito web non \u00e8 destinato all&#8217;uso da parte di minori. Pertanto, non raccogliamo e memorizziamo dati di visitatori minorenni (se non involontariamente).<\/p>\n<p>Durata della conservazione dei dati: viene misurata in base agli obblighi di conservazione previsti dalla legge e agli obblighi legali a noi applicabili.<\/p>\n<p><strong>Riferimenti ai diritti degli interessati<\/strong><br \/>L&#8217;interessato ha il diritto di ottenere dal responsabile del trattamento la conferma dell&#8217;esistenza o meno dei dati personali che lo riguardano; in tal caso, ha il diritto di accesso ai dati personali (art. 15 GDPR).<br \/>L&#8217;interessato ha il diritto di esigere che la persona responsabile corregga immediatamente i dati personali inesatti che lo riguardano e, se necessario, completi i dati personali incompleti (art. 16 GDPR).<br \/>L&#8217;interessato ha il diritto di esigere la cancellazione immediata dei dati personali che lo riguardano, qualora ricorra uno dei motivi di cui all&#8217; art. 17 GDPR, ad es. se i dati non sono pi\u00f9 necessari per gli scopi perseguiti (diritto alla cancellazione).<br \/>L&#8217;interessato ha il diritto di richiedere al responsabile del trattamento di limitare il trattamento se \u00e8 soddisfatta una delle condizioni di cui all&#8217; articolo 18 del GDPR, ad esempio se l&#8217;interessato si \u00e8 opposto al trattamento per la durata dell&#8217;indagine del responsabile del trattamento.<br \/>L&#8217;interessato ha il diritto di ricevere in un formato strutturato, di uso comune e leggibile da dispositivo automatico i dati personali che lo riguardano forniti a un titolare del trattamento e ha il diritto di trasmettere tali dati a un altro titolare del trattamento senza impedimenti da parte del titolare del trattamento cui li ha forniti per esempio se il trattamento si basi sul consenso dell\u2019 interessato e il trattamento sia effettuato con mezzi automatizzati (diritto alla portabilit\u00e0 dei dati art. 20 GDPR).<br \/>L&#8217;interessato ha il diritto di opporsi in qualsiasi momento al trattamento dei dati personali che lo riguardano per motivi connessi alla sua situazione particolare. Il responsabile del trattamento non tratta pi\u00f9 i dati personali, a meno che non sia in grado di dimostrare di avere motivi convincenti per un trattamento degno di protezione che superano gli interessi, i diritti e le libert\u00e0 dell&#8217;interessato o che il trattamento serve a far valere, esercitare o difendere un diritto in giudizio (art. 21 GDPR).<br \/>Fatto salvo ogni altro ricorso amministrativo o giurisdizionale, l&#8217;interessato che ritenga che il trattamento che lo riguarda violi il presente regolamento ha il diritto di proporre reclamo a un&#8217;autorit\u00e0 di controllo (art. 77 del GDPR), segnatamente nello Stato membro in cui risiede abitualmente, lavora oppure del luogo ove si \u00e8 verificata la presunta violazione. In Italia, l&#8217;autorit\u00e0 di vigilanza competente \u00e8 il Garante per la protezione dei dati personali<\/p>\n<p>Potete esercitare i vostri diritti agli indirizzi sopra indicati (titolare del trattamento).<\/p>\n[\/vc_column_text][\/vc_column][\/vc_row]\n","protected":false},"excerpt":{"rendered":"<p>[vc_row type=&#8221;in_container&#8221; full_screen_row_position=&#8221;middle&#8221; column_margin=&#8221;default&#8221; column_direction=&#8221;default&#8221; column_direction_tablet=&#8221;default&#8221; column_direction_phone=&#8221;default&#8221; scene_position=&#8221;center&#8221; text_color=&#8221;dark&#8221; text_align=&#8221;left&#8221; row_border_radius=&#8221;none&#8221; row_border_radius_applies=&#8221;bg&#8221; overlay_strength=&#8221;0.3&#8243; gradient_direction=&#8221;left_to_right&#8221; shape_divider_position=&#8221;bottom&#8221; bg_image_animation=&#8221;none&#8221; shape_type=&#8221;&#8221;][vc_column column_padding=&#8221;no-extra-padding&#8221; column_padding_tablet=&#8221;inherit&#8221; column_padding_phone=&#8221;inherit&#8221; column_padding_position=&#8221;all&#8221; background_color_opacity=&#8221;1&#8243; background_hover_color_opacity=&#8221;1&#8243; column_shadow=&#8221;none&#8221; column_border_radius=&#8221;none&#8221; column_link_target=&#8221;_self&#8221; gradient_direction=&#8221;left_to_right&#8221; overlay_strength=&#8221;0.3&#8243; width=&#8221;1\/1&#8243; tablet_width_inherit=&#8221;default&#8221;&#8230;<\/p>\n","protected":false},"author":2,"featured_media":0,"parent":0,"menu_order":6,"comment_status":"closed","ping_status":"closed","template":"","meta":{"footnotes":""},"class_list":["post-579","page","type-page","status-publish"],"yoast_head":"<!-- This site is optimized with the Yoast SEO plugin v23.5 - https:\/\/yoast.com\/wordpress\/plugins\/seo\/ -->\n<title>Informativa sulla privacy<\/title>\n<meta name=\"robots\" content=\"noindex, nofollow\" \/>\n<meta property=\"og:locale\" content=\"it_IT\" \/>\n<meta property=\"og:type\" content=\"article\" \/>\n<meta property=\"og:title\" content=\"Informativa sulla privacy\" \/>\n<meta property=\"og:description\" content=\"[vc_row type=&#8221;in_container&#8221; full_screen_row_position=&#8221;middle&#8221; column_margin=&#8221;default&#8221; column_direction=&#8221;default&#8221; column_direction_tablet=&#8221;default&#8221; column_direction_phone=&#8221;default&#8221; scene_position=&#8221;center&#8221; text_color=&#8221;dark&#8221; text_align=&#8221;left&#8221; row_border_radius=&#8221;none&#8221; row_border_radius_applies=&#8221;bg&#8221; overlay_strength=&#8221;0.3&#8243; gradient_direction=&#8221;left_to_right&#8221; shape_divider_position=&#8221;bottom&#8221; bg_image_animation=&#8221;none&#8221; shape_type=&#8221;&#8221;][vc_column column_padding=&#8221;no-extra-padding&#8221; column_padding_tablet=&#8221;inherit&#8221; column_padding_phone=&#8221;inherit&#8221; column_padding_position=&#8221;all&#8221; background_color_opacity=&#8221;1&#8243; background_hover_color_opacity=&#8221;1&#8243; column_shadow=&#8221;none&#8221; column_border_radius=&#8221;none&#8221; column_link_target=&#8221;_self&#8221; gradient_direction=&#8221;left_to_right&#8221; overlay_strength=&#8221;0.3&#8243; width=&#8221;1\/1&#8243; tablet_width_inherit=&#8221;default&#8221;...\" \/>\n<meta property=\"og:url\" content=\"https:\/\/www.bernardi-karl.it\/it\/privacy\/\" \/>\n<meta property=\"og:site_name\" content=\"BERNARDI\" \/>\n<meta property=\"article:modified_time\" content=\"2022-06-28T08:09:22+00:00\" \/>\n<meta name=\"twitter:card\" content=\"summary_large_image\" \/>\n<meta name=\"twitter:label1\" content=\"Tempo di lettura stimato\" \/>\n\t<meta name=\"twitter:data1\" content=\"9 minuti\" \/>\n<script type=\"application\/ld+json\" class=\"yoast-schema-graph\">{\"@context\":\"https:\/\/schema.org\",\"@graph\":[{\"@type\":\"WebPage\",\"@id\":\"https:\/\/www.bernardi-karl.it\/it\/privacy\/\",\"url\":\"https:\/\/www.bernardi-karl.it\/it\/privacy\/\",\"name\":\"Informativa sulla privacy\",\"isPartOf\":{\"@id\":\"https:\/\/www.bernardi-karl.it\/it\/#website\"},\"datePublished\":\"2020-01-08T13:26:58+00:00\",\"dateModified\":\"2022-06-28T08:09:22+00:00\",\"breadcrumb\":{\"@id\":\"https:\/\/www.bernardi-karl.it\/it\/privacy\/#breadcrumb\"},\"inLanguage\":\"it-IT\",\"potentialAction\":[{\"@type\":\"ReadAction\",\"target\":[\"https:\/\/www.bernardi-karl.it\/it\/privacy\/\"]}]},{\"@type\":\"BreadcrumbList\",\"@id\":\"https:\/\/www.bernardi-karl.it\/it\/privacy\/#breadcrumb\",\"itemListElement\":[{\"@type\":\"ListItem\",\"position\":1,\"name\":\"Startseite\",\"item\":\"https:\/\/www.bernardi-karl.it\/it\/\"},{\"@type\":\"ListItem\",\"position\":2,\"name\":\"Informativa sulla privacy\"}]},{\"@type\":\"WebSite\",\"@id\":\"https:\/\/www.bernardi-karl.it\/it\/#website\",\"url\":\"https:\/\/www.bernardi-karl.it\/it\/\",\"name\":\"BERNARDI\",\"description\":\"Metzgerei und Feinkost aus S\u00fcdtirol\",\"publisher\":{\"@id\":\"https:\/\/www.bernardi-karl.it\/it\/#organization\"},\"potentialAction\":[{\"@type\":\"SearchAction\",\"target\":{\"@type\":\"EntryPoint\",\"urlTemplate\":\"https:\/\/www.bernardi-karl.it\/it\/?s={search_term_string}\"},\"query-input\":{\"@type\":\"PropertyValueSpecification\",\"valueRequired\":true,\"valueName\":\"search_term_string\"}}],\"inLanguage\":\"it-IT\"},{\"@type\":\"Organization\",\"@id\":\"https:\/\/www.bernardi-karl.it\/it\/#organization\",\"name\":\"K. Bernardi\",\"url\":\"https:\/\/www.bernardi-karl.it\/it\/\",\"logo\":{\"@type\":\"ImageObject\",\"inLanguage\":\"it-IT\",\"@id\":\"https:\/\/www.bernardi-karl.it\/it\/#\/schema\/logo\/image\/\",\"url\":\"https:\/\/www.bernardi-karl.it\/wp-content\/uploads\/2019\/11\/karl-bernardi-logo.png\",\"contentUrl\":\"https:\/\/www.bernardi-karl.it\/wp-content\/uploads\/2019\/11\/karl-bernardi-logo.png\",\"width\":1203,\"height\":136,\"caption\":\"K. Bernardi\"},\"image\":{\"@id\":\"https:\/\/www.bernardi-karl.it\/it\/#\/schema\/logo\/image\/\"}}]}<\/script>\n<!-- \/ Yoast SEO plugin. -->","yoast_head_json":{"title":"Informativa sulla privacy","robots":{"index":"noindex","follow":"nofollow"},"og_locale":"it_IT","og_type":"article","og_title":"Informativa sulla privacy","og_description":"[vc_row type=&#8221;in_container&#8221; full_screen_row_position=&#8221;middle&#8221; column_margin=&#8221;default&#8221; column_direction=&#8221;default&#8221; column_direction_tablet=&#8221;default&#8221; column_direction_phone=&#8221;default&#8221; scene_position=&#8221;center&#8221; text_color=&#8221;dark&#8221; text_align=&#8221;left&#8221; row_border_radius=&#8221;none&#8221; row_border_radius_applies=&#8221;bg&#8221; overlay_strength=&#8221;0.3&#8243; gradient_direction=&#8221;left_to_right&#8221; shape_divider_position=&#8221;bottom&#8221; bg_image_animation=&#8221;none&#8221; shape_type=&#8221;&#8221;][vc_column column_padding=&#8221;no-extra-padding&#8221; column_padding_tablet=&#8221;inherit&#8221; column_padding_phone=&#8221;inherit&#8221; column_padding_position=&#8221;all&#8221; background_color_opacity=&#8221;1&#8243; background_hover_color_opacity=&#8221;1&#8243; column_shadow=&#8221;none&#8221; column_border_radius=&#8221;none&#8221; column_link_target=&#8221;_self&#8221; gradient_direction=&#8221;left_to_right&#8221; overlay_strength=&#8221;0.3&#8243; width=&#8221;1\/1&#8243; tablet_width_inherit=&#8221;default&#8221;...","og_url":"https:\/\/www.bernardi-karl.it\/it\/privacy\/","og_site_name":"BERNARDI","article_modified_time":"2022-06-28T08:09:22+00:00","twitter_card":"summary_large_image","twitter_misc":{"Tempo di lettura stimato":"9 minuti"},"schema":{"@context":"https:\/\/schema.org","@graph":[{"@type":"WebPage","@id":"https:\/\/www.bernardi-karl.it\/it\/privacy\/","url":"https:\/\/www.bernardi-karl.it\/it\/privacy\/","name":"Informativa sulla privacy","isPartOf":{"@id":"https:\/\/www.bernardi-karl.it\/it\/#website"},"datePublished":"2020-01-08T13:26:58+00:00","dateModified":"2022-06-28T08:09:22+00:00","breadcrumb":{"@id":"https:\/\/www.bernardi-karl.it\/it\/privacy\/#breadcrumb"},"inLanguage":"it-IT","potentialAction":[{"@type":"ReadAction","target":["https:\/\/www.bernardi-karl.it\/it\/privacy\/"]}]},{"@type":"BreadcrumbList","@id":"https:\/\/www.bernardi-karl.it\/it\/privacy\/#breadcrumb","itemListElement":[{"@type":"ListItem","position":1,"name":"Startseite","item":"https:\/\/www.bernardi-karl.it\/it\/"},{"@type":"ListItem","position":2,"name":"Informativa sulla privacy"}]},{"@type":"WebSite","@id":"https:\/\/www.bernardi-karl.it\/it\/#website","url":"https:\/\/www.bernardi-karl.it\/it\/","name":"BERNARDI","description":"Metzgerei und Feinkost aus S\u00fcdtirol","publisher":{"@id":"https:\/\/www.bernardi-karl.it\/it\/#organization"},"potentialAction":[{"@type":"SearchAction","target":{"@type":"EntryPoint","urlTemplate":"https:\/\/www.bernardi-karl.it\/it\/?s={search_term_string}"},"query-input":{"@type":"PropertyValueSpecification","valueRequired":true,"valueName":"search_term_string"}}],"inLanguage":"it-IT"},{"@type":"Organization","@id":"https:\/\/www.bernardi-karl.it\/it\/#organization","name":"K. Bernardi","url":"https:\/\/www.bernardi-karl.it\/it\/","logo":{"@type":"ImageObject","inLanguage":"it-IT","@id":"https:\/\/www.bernardi-karl.it\/it\/#\/schema\/logo\/image\/","url":"https:\/\/www.bernardi-karl.it\/wp-content\/uploads\/2019\/11\/karl-bernardi-logo.png","contentUrl":"https:\/\/www.bernardi-karl.it\/wp-content\/uploads\/2019\/11\/karl-bernardi-logo.png","width":1203,"height":136,"caption":"K. Bernardi"},"image":{"@id":"https:\/\/www.bernardi-karl.it\/it\/#\/schema\/logo\/image\/"}}]}},"_links":{"self":[{"href":"https:\/\/www.bernardi-karl.it\/it\/wp-json\/wp\/v2\/pages\/579"}],"collection":[{"href":"https:\/\/www.bernardi-karl.it\/it\/wp-json\/wp\/v2\/pages"}],"about":[{"href":"https:\/\/www.bernardi-karl.it\/it\/wp-json\/wp\/v2\/types\/page"}],"author":[{"embeddable":true,"href":"https:\/\/www.bernardi-karl.it\/it\/wp-json\/wp\/v2\/users\/2"}],"replies":[{"embeddable":true,"href":"https:\/\/www.bernardi-karl.it\/it\/wp-json\/wp\/v2\/comments?post=579"}],"version-history":[{"count":16,"href":"https:\/\/www.bernardi-karl.it\/it\/wp-json\/wp\/v2\/pages\/579\/revisions"}],"predecessor-version":[{"id":2240,"href":"https:\/\/www.bernardi-karl.it\/it\/wp-json\/wp\/v2\/pages\/579\/revisions\/2240"}],"wp:attachment":[{"href":"https:\/\/www.bernardi-karl.it\/it\/wp-json\/wp\/v2\/media?parent=579"}],"curies":[{"name":"wp","href":"https:\/\/api.w.org\/{rel}","templated":true}]}}